{"id":437,"date":"2020-11-09T14:04:12","date_gmt":"2020-11-09T13:04:12","guid":{"rendered":"https:\/\/gasserhof-aicha.it\/colofone-protezione-dei-dati\/"},"modified":"2022-07-04T10:05:44","modified_gmt":"2022-07-04T08:05:44","slug":"colofone-protezione-dei-dati","status":"publish","type":"page","link":"https:\/\/gasserhof-aicha.it\/it\/colofone-protezione-dei-dati\/","title":{"rendered":"Colofone \/ Protezione dei dati"},"content":{"rendered":"<p>[et_pb_section fb_built=&#8221;1&#8243; fullwidth=&#8221;on&#8221; _builder_version=&#8221;3.22&#8243; animation_direction=&#8221;top&#8221;][et_pb_fullwidth_header title=&#8221;Protezione dati e Privacy&#8221; content_max_width=&#8221;700px&#8221; _builder_version=&#8221;4.4.0&#8243; title_font=&#8221;Lato||||||||&#8221; title_font_size=&#8221;60px&#8221; title_line_height=&#8221;1.2em&#8221; content_font=&#8221;||||||||&#8221; content_font_size=&#8221;20px&#8221; content_line_height=&#8221;1.8em&#8221; background_color=&#8221;rgba(255, 255, 255, 0)&#8221; use_background_color_gradient=&#8221;on&#8221; background_color_gradient_start=&#8221;rgba(0,0,0,0.75)&#8221; background_color_gradient_end=&#8221;rgba(0,0,0,0)&#8221; background_color_gradient_direction=&#8221;90deg&#8221; background_color_gradient_overlays_image=&#8221;on&#8221; background_image=&#8221;https:\/\/gasserhof-aicha.it\/wp-content\/uploads\/2020\/11\/20150314_Jonagold_006-scaled.jpg&#8221; custom_button_one=&#8221;on&#8221; button_one_text_size=&#8221;18px&#8221; button_one_bg_color=&#8221;#02d002&#8243; button_one_border_width=&#8221;8px&#8221; button_one_border_color=&#8221;#02d002&#8243; button_one_border_radius=&#8221;0px&#8221; button_one_letter_spacing=&#8221;1px&#8221; button_one_font=&#8221;Lato|700|||||||&#8221; button_one_use_icon=&#8221;off&#8221; custom_button_two=&#8221;on&#8221; button_two_text_size=&#8221;18px&#8221; button_two_text_color=&#8221;#353740&#8243; button_two_bg_color=&#8221;#ffffff&#8221; button_two_border_width=&#8221;8px&#8221; button_two_border_color=&#8221;#ffffff&#8221; button_two_border_radius=&#8221;0px&#8221; button_two_letter_spacing=&#8221;1px&#8221; button_two_font=&#8221;Lato|700|||||||&#8221; button_two_use_icon=&#8221;off&#8221; module_alignment=&#8221;left&#8221; height_tablet=&#8221;&#8221; height_phone=&#8221;166px&#8221; height_last_edited=&#8221;on|phone&#8221; custom_margin=&#8221;|||&#8221; custom_padding=&#8221;6.1%||0%|||&#8221; title_font_size_tablet=&#8221;&#8221; title_font_size_phone=&#8221;40px&#8221; title_font_size_last_edited=&#8221;on|phone&#8221; background_last_edited=&#8221;on|phone&#8221; background_color_gradient_end_phone=&#8221;rgba(0,0,0,0.09)&#8221; button_one_letter_spacing_hover=&#8221;1px&#8221; button_two_letter_spacing_hover=&#8221;1px&#8221; button_one_text_size__hover_enabled=&#8221;off&#8221; button_two_text_size__hover_enabled=&#8221;off&#8221; button_one_text_color__hover_enabled=&#8221;off&#8221; button_two_text_color__hover_enabled=&#8221;off&#8221; button_one_border_width__hover_enabled=&#8221;off&#8221; button_two_border_width__hover_enabled=&#8221;off&#8221; button_one_border_color__hover_enabled=&#8221;off&#8221; button_two_border_color__hover_enabled=&#8221;off&#8221; button_one_border_radius__hover_enabled=&#8221;off&#8221; button_two_border_radius__hover_enabled=&#8221;off&#8221; button_one_letter_spacing__hover_enabled=&#8221;on&#8221; button_one_letter_spacing__hover=&#8221;1px&#8221; button_two_letter_spacing__hover_enabled=&#8221;on&#8221; button_two_letter_spacing__hover=&#8221;1px&#8221; button_one_bg_color__hover_enabled=&#8221;off&#8221; button_two_bg_color__hover_enabled=&#8221;off&#8221;]<\/p>\n<p>&nbsp;<\/p>\n<p>&nbsp;<\/p>\n<p>&nbsp;<\/p>\n<p>[\/et_pb_fullwidth_header][\/et_pb_section][et_pb_section fb_built=&#8221;1&#8243; admin_label=&#8221;Market Information Section&#8221; _builder_version=&#8221;3.22&#8243; custom_padding=&#8221;3px||7px|||&#8221;][et_pb_row admin_label=&#8221;Market Information Title Area&#8221; _builder_version=&#8221;3.25&#8243; custom_padding=&#8221;40px|0px|40px|0px&#8221;][et_pb_column type=&#8221;4_4&#8243; _builder_version=&#8221;3.25&#8243; custom_padding=&#8221;|||&#8221; custom_padding__hover=&#8221;|||&#8221;][et_pb_text _builder_version=&#8221;4.4.0&#8243; hover_enabled=&#8221;0&#8243;]<\/p>\n<div class=\"et_pb_module et_pb_text et_pb_text_0 et_pb_text_align_left et_pb_bg_layout_light\">\n<div class=\"et_pb_text_inner\">\n<h1>Protezione dati<\/h1>\n<\/div>\n<\/div>\n<div class=\"et_pb_module et_pb_text et_pb_text_1 et_pb_text_align_left et_pb_bg_layout_light\">\n<div class=\"et_pb_text_inner\">\n<p>Data di entrata in vigore: 01 febbraio 2019<\/p>\n<p>Gasserhof Aicha *** (&#8220;noi&#8221;, &#8220;nostro&#8221;, ecc.) gestisce il sito web www.gasserhof-aicha.it (di seguito denominato &#8220;Servizio&#8221;).<\/p>\n<p>Questa pagina contiene informazioni sui modi in cui raccogliamo, utilizziamo e divulghiamo le informazioni personali quando l&#8217;utente utilizza il nostro servizio e sulle opzioni a sua disposizione in relazione a tali informazioni.<\/p>\n<p>Utilizziamo i vostri dati per fornire e migliorare il nostro servizio. Utilizzando il Servizio, l&#8217;utente acconsente alla raccolta e all&#8217;utilizzo dei dati da parte nostra in conformit\u00e0 con la presente Informativa.<\/p>\n<p>Definizioni<\/p>\n<ul>\n<li><strong>Servizio<\/strong><\/li>\n<\/ul>\n<p>Il Servizio \u00e8 il sito web www.gasserhof-aicha.it gestito da Gasserhof Aicha ***.<\/p>\n<ul>\n<li><strong>Dati personali<\/strong><\/li>\n<\/ul>\n<p>I dati personali sono dati relativi a un individuo vivente che \u00e8 identificabile da tali dati (o da tali dati in combinazione con altre informazioni gi\u00e0 in nostro possesso o che potrebbero entrare in nostro possesso).<\/p>\n<ul>\n<li><strong>Dati di utilizzo<\/strong><\/li>\n<\/ul>\n<p>I dati di utilizzo sono dati raccolti automaticamente durante l&#8217;utilizzo del servizio o all&#8217;interno dell&#8217;infrastruttura del servizio stesso (ad esempio, per la durata della visita di una pagina).<\/p>\n<ul>\n<li><strong>Cookies<\/strong><\/li>\n<\/ul>\n<p>I cookie sono piccoli file che vengono memorizzati sul vostro dispositivo (computer o dispositivo mobile).<\/p>\n<ul>\n<li><strong>Titolare del trattamento dei dati<\/strong><\/li>\n<\/ul>\n<p>Il titolare del trattamento \u00e8 una persona fisica o giuridica che (da sola o insieme ad altre persone) determina le finalit\u00e0 e le modalit\u00e0 del trattamento dei dati personali.<\/p>\n<p>F\u00fcr die Zwecke dieser Datenschutz-Richtlinie sind wir der Datenverantwortliche in Bezug auf Ihre personenbezogenen Daten.<\/p>\n<ul>\n<li><strong>Responsabile del trattamento dei dati (o fornitore di servizi)<\/strong><\/li>\n<\/ul>\n<p>Un incaricato del trattamento (o fornitore di servizi) \u00e8 una persona fisica o giuridica che tratta i dati per conto del titolare del trattamento.<\/p>\n<p>Potremmo utilizzare i servizi di diversi fornitori di servizi per elaborare i vostri dati in modo pi\u00f9 efficiente.<\/p>\n<ul>\n<li><strong>Soggetto interessato (o utente)<\/strong><\/li>\n<\/ul>\n<p>L&#8217;interessato \u00e8 un individuo vivente che utilizza il nostro servizio ed \u00e8 oggetto di dati personali.<\/p>\n<p>Raccolta e utilizzo dei dati<\/p>\n<p>Raccogliamo diversi tipi di dati per una serie di scopi, al fine di migliorare il servizio che vi forniamo.<\/p>\n<p>Tipi di dati raccolti<\/p>\n<p>Dati personali<\/p>\n<p>Nell&#8217;ambito dell&#8217;utilizzo del nostro Servizio, potremmo chiedervi di fornire alcune informazioni di identificazione personale che utilizziamo per contattarvi o identificarvi (&#8220;Informazioni personali&#8221;). Ad esempio, le informazioni di identificazione personale includono (ma non si limitano a) quanto segue:<\/p>\n<ul>\n<li>Indirizzo e-mail<\/li>\n<li>Nome e cognome<\/li>\n<li>Numero telefono<\/li>\n<li>Indirizzo, Stato, Provincia, CAP, Citt\u00e0<\/li>\n<li>Cookie e dati di utilizzo<\/li>\n<\/ul>\n<p><strong>Verwendungsdaten<\/strong><\/p>\n<p>Possiamo anche raccogliere dati sulle modalit\u00e0 di accesso o utilizzo del nostro servizio (&#8220;Dati di utilizzo&#8221;). Questi dati di utilizzo possono includere l&#8217;indirizzo IP (Internet Protocol) del computer, il tipo di browser, la versione del browser, le pagine visitate all&#8217;interno del nostro servizio, l&#8217;ora e la data della visita, il tempo totale trascorso sulle pagine in questione, gli identificatori dei singoli dispositivi e altri dati diagnostici.<\/p>\n<p>Tracciamento e cookie<\/p>\n<p>Utilizziamo cookie e tecnologie di tracciamento simili per monitorare l&#8217;attivit\u00e0 all&#8217;interno del nostro servizio e memorizziamo alcuni dati in questo contesto.<\/p>\n<p>I cookie sono file contenenti una piccola quantit\u00e0 di dati, ad esempio identificatori unici anonimi. I cookie vengono inviati da un sito web al vostro browser e memorizzati sul vostro dispositivo. Le altre tecnologie di tracciamento che utilizziamo sono i cosiddetti beacon, tag e script e vengono utilizzate per raccogliere e tracciare i dati e per migliorare e analizzare il nostro servizio.<\/p>\n<p>Nelle impostazioni del browser \u00e8 possibile stabilire se si desidera rifiutare tutti i cookie o accettarne solo alcuni. Tuttavia, se rifiutate di accettare i cookie, potreste non essere in grado di utilizzare alcune parti del nostro servizio.<\/p>\n<p>Esempi di cookie che utilizziamo:<\/p>\n<ul>\n<li><strong>Cookie di sessione.<\/strong> Per il funzionamento del nostro servizio utilizziamo cookie di sessione.<\/li>\n<li><strong>Cookie di preferenza.<\/strong> Utilizziamo i cookie di preferenza per memorizzare le vostre preferenze e le varie impostazioni.<\/li>\n<li><strong>Cookie di sicurezza.<\/strong> Utilizziamo i cookie di sicurezza per scopi di sicurezza.<\/li>\n<\/ul>\n<p>Utilizzo dei dati<\/p>\n<p>Noi di Gasserhof Aicha *** utilizziamo i dati raccolti per vari scopi, ad esempio per:<\/p>\n<ul>\n<li>Per fornire e mantenere il nostro servizio all&#8217;utente;<\/li>\n<li>notificare all&#8217;utente eventuali cambiamenti in relazione al nostro servizio;<\/li>\n<li>consentirvi di partecipare alle parti interattive del nostro servizio, se lo desiderate;<\/li>\n<li>Fornire servizi ai clienti;<\/li>\n<li>Raccogliere dati analitici e altri dati preziosi per aiutarci a migliorare il nostro servizio;<\/li>\n<li>monitorare l&#8217;uso del nostro servizio;<\/li>\n<li>identificare, evitare e correggere i problemi tecnici;<\/li>\n<\/ul>\n<p>Base giuridica per il trattamento dei dati personali ai sensi del Regolamento generale sulla protezione dei dati (GDPR)<\/p>\n<p>Se l&#8217;utente risiede all&#8217;interno dello Spazio Economico Europeo (SEE), la base giuridica di Gasserhof Aicha *** per la raccolta e l&#8217;utilizzo delle informazioni personali descritte nella presente Informativa sulla privacy dipende dalle informazioni personali raccolte e dal contesto in cui vengono raccolte.<\/p>\n<p>Noi di Gasserhof Aicha *** possiamo trattare i vostri dati personali per i seguenti motivi:<\/p>\n<ul>\n<li>Dobbiamo adempiere a un contratto che abbiamo stipulato con voi.<\/li>\n<li>L&#8217;utente ci ha dato il suo consenso a farlo.<\/li>\n<li>Il trattamento serve ai nostri legittimi interessi e questi non sono subordinati ai vostri diritti.<\/li>\n<li>Il trattamento serve a soddisfare i requisiti di legge.<\/li>\n<\/ul>\n<p><strong>Conservazione dei dati<\/strong><\/p>\n<p>Gasserhof Aicha *** conserver\u00e0 i vostri dati personali solo per il tempo necessario ai fini della presente informativa sulla privacy. Conserveremo e utilizzeremo i vostri dati personali nella misura necessaria per adempiere ai nostri obblighi legali (ad esempio, se abbiamo bisogno di conservare i vostri dati per conformarci alle leggi vigenti), per risolvere le controversie e per applicare i nostri accordi legali e le nostre politiche.<\/p>\n<p>Gasserhof Aicha *** conserver\u00e0 inoltre i dati di utilizzo per scopi di analisi interna. I dati di utilizzo vengono generalmente conservati per periodi di tempo pi\u00f9 brevi, a meno che non vengano utilizzati per rafforzare le nostre misure di sicurezza o migliorare la funzionalit\u00e0 del nostro servizio, o che la legge ci imponga di conservarli per periodi di tempo pi\u00f9 lunghi.<\/p>\n<p><strong>Trasmissione dati<\/strong><\/p>\n<p>I vostri dati, compresi i dati personali, possono essere trasferiti a &#8211; e memorizzati su &#8211; computer situati al di fuori del vostro stato, della vostra provincia, del vostro paese o di un&#8217;altra giurisdizione e quindi soggetti a leggi sulla protezione dei dati che differiscono dalle leggi sulla protezione dei dati nella vostra giurisdizione.<\/p>\n<p>Se vi trovate al di fuori dell&#8217;Italia e decidete di inviarci i vostri dati, dovete essere consapevoli che trasferiremo i vostri dati, compresi quelli personali, in Italia e li tratteremo.<\/p>\n<p>Il vostro consenso alla presente Informativa sulla privacy e a qualsiasi successivo trasferimento di dati da parte vostra costituisce un consenso da parte vostra a tale trasferimento.<\/p>\n<p>Gasserhof Aicha *** adotter\u00e0 tutte le misure ragionevolmente necessarie per garantire che i vostri dati siano trattati in modo sicuro e in conformit\u00e0 con la presente Informativa sulla privacy e che i vostri dati personali non siano trasferiti a organizzazioni o paesi in cui i controlli sulla sicurezza dei vostri dati e delle altre informazioni personali sono insufficienti.<\/p>\n<p>Pubblicazione dei dati<\/p>\n<p>Requisiti legali<\/p>\n<p>Gasserhof Aicha *** pu\u00f2 divulgare i vostri dati personali in determinate circostanze se ritiene, in conformit\u00e0 ai principi di buona fede, che ci\u00f2 sia necessario per raggiungere i seguenti obiettivi:<\/p>\n<ul>\n<li>per adempiere a un obbligo legale<\/li>\n<li>per la protezione e la difesa dei diritti o della propriet\u00e0 di Gasserhof Aicha ***<\/li>\n<li>prevenire o indagare su eventuali comportamenti scorretti in relazione al servizio<\/li>\n<li>tutelare la sicurezza personale degli utenti del servizio o del pubblico<\/li>\n<li>per evitare reclami per responsabilit\u00e0 civile<\/li>\n<\/ul>\n<p>Sicurezza dei dati<\/p>\n<p>La sicurezza dei vostri dati \u00e8 importante per noi. Tuttavia, ricordate che non esistono metodi di trasmissione via Internet n\u00e9 supporti di memorizzazione elettronica sicuri al 100%. Sebbene ci sforziamo sempre di implementare misure commercialmente accettabili per proteggere i vostri dati personali, non possiamo garantire una sicurezza assoluta.<\/p>\n<p>I vostri diritti di protezione dei dati ai sensi del Regolamento generale sulla protezione dei dati (GDPR)<\/p>\n<p>Se risiedete all&#8217;interno dello Spazio Economico Europeo (SEE), avete alcuni diritti di protezione dei dati. Gasserhof Aicha *** si impegna a mettere in atto misure ragionevoli per consentirvi di correggere, modificare, cancellare o limitare l&#8217;uso dei vostri dati personali.<\/p>\n<p>Se desiderate scoprire quali dati personali abbiamo memorizzato su di voi e se desiderate che i vostri dati vengano cancellati dal nostro sistema, contattateci.<\/p>\n<p>In determinate circostanze avete i seguenti diritti di protezione dei dati:<\/p>\n<ul>\n<li><strong>Il diritto di accedere, aggiornare o cancellare i dati in nostro possesso.<\/strong> Cancellazione. Per quanto possibile, \u00e8 possibile accedere ai propri dati personali direttamente nella sezione con le impostazioni del proprio account, nonch\u00e9 aggiornarli o richiederne la cancellazione. Se non \u00e8 possibile eseguire queste operazioni da soli, contattateci per avere l&#8217;assistenza necessaria.<\/li>\n<li><strong>Il diritto alla rettifica.<\/strong> L&#8217;utente ha il diritto di far correggere i propri dati se sono inesatti o incompleti.<\/li>\n<li><strong>Il diritto all&#8217;obiezione.<\/strong> Avete il diritto di opporvi al trattamento dei vostri dati personali da parte nostra.<\/li>\n<li><strong>Il diritto alla restrizione.<\/strong> Avete il diritto di limitare il trattamento dei vostri dati personali da parte nostra.<\/li>\n<li><strong>Il diritto alla portabilit\u00e0 dei dati.<\/strong> Avete il diritto di chiederci di fornirvi una copia dei dati in nostro possesso in un formato strutturato, leggibile a macchina e di uso comune.<\/li>\n<li><strong>Il diritto di ritirare il consenso.<\/strong> Avete inoltre il diritto di revocare il vostro consenso in qualsiasi momento nei casi in cui Gasserhof Aicha *** si sia basato sul vostro consenso per trattare i vostri dati personali.<\/li>\n<\/ul>\n<p>Si prega di notare che potremmo verificare la vostra identit\u00e0 prima di elaborare tali richieste.<\/p>\n<p>Avete il diritto di presentare un reclamo a un&#8217;autorit\u00e0 di protezione dei dati in relazione alla raccolta e all&#8217;utilizzo dei vostri dati personali. \u00c8 possibile ottenere maggiori informazioni a questo proposito dall&#8217;autorit\u00e0 locale per la protezione dei dati all&#8217;interno dello Spazio economico europeo (SEE).<\/p>\n<p>Fornitori di servizi<\/p>\n<p>Possiamo incaricare societ\u00e0 e persone terze (&#8220;Fornitori di servizi&#8221;) di fornire servizi di assistenza per facilitare la fornitura del nostro Servizio, di fornire servizi per nostro conto, di fornire servizi associati al nostro Servizio o di fornire servizi di assistenza per analizzare il modo in cui il nostro Servizio viene utilizzato.<\/p>\n<p>Queste terze parti possono accedere ai vostri dati personali solo nella misura necessaria a svolgere i compiti sopra citati per nostro conto e non possono divulgarli o utilizzarli per altri scopi.<\/p>\n<p><strong>Analisi<\/strong><\/p>\n<p>Possiamo incaricare fornitori di servizi terzi di monitorare e analizzare l&#8217;uso del nostro servizio.<\/p>\n<ul>\n<li><strong>Google Analytics<\/strong><\/li>\n<\/ul>\n<p>Google Analytics \u00e8 un servizio di analisi web offerto da Google che traccia e riporta il traffico del sito web. Google utilizza i dati ottenuti per tracciare e monitorare l&#8217;utilizzo del nostro servizio. Questi dati vengono condivisi con altri servizi di Google. Google pu\u00f2 utilizzare i dati ottenuti per contestualizzare e personalizzare gli annunci all&#8217;interno della propria rete pubblicitaria.<\/p>\n<p>Potete disattivare la trasmissione a Google Analytics delle vostre attivit\u00e0 nell&#8217;ambito del nostro servizio installando il componente aggiuntivo del browser per disattivare Google Analytics. Il componente aggiuntivo impedisce la trasmissione dei dati a Google Analytics sulle visite o sulle attivit\u00e0 tramite i JavaScript di Google Analytics (ga.js, analytics.js e dc.js).<\/p>\n<p>Per ulteriori informazioni sulle pratiche di Google in materia di privacy, si prega di visitare la pagina web delle condizioni di privacy di Google all&#8217;indirizzo <a href=\"https:\/\/policies.google.com\/privacy?hl=en\">https:\/\/policies.google.com\/privacy?hl=en.<\/a><\/p>\n<p>Link ad altri siti web<\/p>\n<p>Il nostro servizio pu\u00f2 contenere link ad altri siti web che non sono gestiti da noi. Se cliccate su un link di terzi, sarete reindirizzati direttamente al sito web del terzo interessato. Si consiglia vivamente di leggere le politiche sulla privacy di ogni sito web visitato.<\/p>\n<p>Non abbiamo alcun controllo sul contenuto, sulle politiche sulla privacy e sulle pratiche dei siti web o dei servizi di terzi e non accettiamo alcuna responsabilit\u00e0 al riguardo.<\/p>\n<p>Privacy dei minori<\/p>\n<p>Il nostro servizio non \u00e8 rivolto a persone che non hanno ancora compiuto 18 anni (&#8220;minori&#8221;).<\/p>\n<p>Non raccogliamo consapevolmente informazioni di identificazione personale sui minori. Se siete un genitore o un tutore e vi accorgete che un minore sotto la vostra supervisione ci ha fornito dei dati personali, vi preghiamo di contattarci. Se veniamo a conoscenza di aver raccolto dati personali di un minore senza il consenso dei genitori, adotteremo misure per rimuovere tali dati dai nostri server.<\/p>\n<p>Modifiche alla presente informativa sulla privacy<\/p>\n<p>La nostra politica sulla privacy pu\u00f2 essere aggiornata di tanto in tanto. Vi informeremo di tali modifiche pubblicando la versione aggiornata su questa pagina.<\/p>\n<p>Vi informeremo tramite e-mail e\/o altro avviso visibile all&#8217;interno del nostro Servizio prima della data di entrata in vigore della modifica in questione e aggiorneremo la &#8220;Data di entrata in vigore&#8221; all&#8217;inizio della presente Informativa sulla privacy.<\/p>\n<p>Vi invitiamo a rivedere periodicamente la presente informativa sulla privacy per verificare eventuali modifiche. Le modifiche alla presente informativa sulla privacy entreranno in vigore al momento della loro pubblicazione su questa pagina.<\/p>\n<p>Contatto<\/p>\n<p>In caso di domande sulla presente informativa sulla privacy, \u00e8 possibile contattarci come segue:<\/p>\n<ul>\n<li>Per e-mail: info@gasserhof-aicha.it<\/li>\n<li>Per telefono: <a class=\"phone-btn-call track-call\" href=\"tel:+393451694858\">+39 3451694858<\/a><\/li>\n<\/ul>\n<\/div>\n<\/div>\n<p>[\/et_pb_text][\/et_pb_column][\/et_pb_row][\/et_pb_section]<\/p>\n","protected":false},"excerpt":{"rendered":"<p>[et_pb_section fb_built=&#8221;1&#8243; fullwidth=&#8221;on&#8221; _builder_version=&#8221;3.22&#8243; animation_direction=&#8221;top&#8221;][et_pb_fullwidth_header title=&#8221;Protezione dati e Privacy&#8221; content_max_width=&#8221;700px&#8221; _builder_version=&#8221;4.4.0&#8243; title_font=&#8221;Lato||||||||&#8221; title_font_size=&#8221;60px&#8221; title_line_height=&#8221;1.2em&#8221; content_font=&#8221;||||||||&#8221; content_font_size=&#8221;20px&#8221; content_line_height=&#8221;1.8em&#8221; background_color=&#8221;rgba(255, 255, 255, 0)&#8221; use_background_color_gradient=&#8221;on&#8221; background_color_gradient_start=&#8221;rgba(0,0,0,0.75)&#8221; background_color_gradient_end=&#8221;rgba(0,0,0,0)&#8221; background_color_gradient_direction=&#8221;90deg&#8221; background_color_gradient_overlays_image=&#8221;on&#8221; background_image=&#8221;https:\/\/gasserhof-aicha.it\/wp-content\/uploads\/2020\/11\/20150314_Jonagold_006-scaled.jpg&#8221; custom_button_one=&#8221;on&#8221; button_one_text_size=&#8221;18px&#8221; button_one_bg_color=&#8221;#02d002&#8243; button_one_border_width=&#8221;8px&#8221; button_one_border_color=&#8221;#02d002&#8243; button_one_border_radius=&#8221;0px&#8221; button_one_letter_spacing=&#8221;1px&#8221; button_one_font=&#8221;Lato|700|||||||&#8221; button_one_use_icon=&#8221;off&#8221; custom_button_two=&#8221;on&#8221; button_two_text_size=&#8221;18px&#8221; button_two_text_color=&#8221;#353740&#8243; button_two_bg_color=&#8221;#ffffff&#8221; button_two_border_width=&#8221;8px&#8221; button_two_border_color=&#8221;#ffffff&#8221; button_two_border_radius=&#8221;0px&#8221; button_two_letter_spacing=&#8221;1px&#8221; button_two_font=&#8221;Lato|700|||||||&#8221; button_two_use_icon=&#8221;off&#8221; module_alignment=&#8221;left&#8221; height_tablet=&#8221;&#8221; height_phone=&#8221;166px&#8221; height_last_edited=&#8221;on|phone&#8221; custom_margin=&#8221;|||&#8221; custom_padding=&#8221;6.1%||0%|||&#8221; title_font_size_tablet=&#8221;&#8221; title_font_size_phone=&#8221;40px&#8221; title_font_size_last_edited=&#8221;on|phone&#8221; [&hellip;]<\/p>\n","protected":false},"author":1,"featured_media":403,"parent":0,"menu_order":0,"comment_status":"closed","ping_status":"closed","template":"","meta":{"_et_pb_use_builder":"on","_et_pb_old_content":"","_et_gb_content_width":""},"_links":{"self":[{"href":"https:\/\/gasserhof-aicha.it\/it\/wp-json\/wp\/v2\/pages\/437"}],"collection":[{"href":"https:\/\/gasserhof-aicha.it\/it\/wp-json\/wp\/v2\/pages"}],"about":[{"href":"https:\/\/gasserhof-aicha.it\/it\/wp-json\/wp\/v2\/types\/page"}],"author":[{"embeddable":true,"href":"https:\/\/gasserhof-aicha.it\/it\/wp-json\/wp\/v2\/users\/1"}],"replies":[{"embeddable":true,"href":"https:\/\/gasserhof-aicha.it\/it\/wp-json\/wp\/v2\/comments?post=437"}],"version-history":[{"count":2,"href":"https:\/\/gasserhof-aicha.it\/it\/wp-json\/wp\/v2\/pages\/437\/revisions"}],"predecessor-version":[{"id":439,"href":"https:\/\/gasserhof-aicha.it\/it\/wp-json\/wp\/v2\/pages\/437\/revisions\/439"}],"wp:featuredmedia":[{"embeddable":true,"href":"https:\/\/gasserhof-aicha.it\/it\/wp-json\/wp\/v2\/media\/403"}],"wp:attachment":[{"href":"https:\/\/gasserhof-aicha.it\/it\/wp-json\/wp\/v2\/media?parent=437"}],"curies":[{"name":"wp","href":"https:\/\/api.w.org\/{rel}","templated":true}]}}